{"id":4370,"date":"2025-11-26T12:19:58","date_gmt":"2025-11-26T11:19:58","guid":{"rendered":"https:\/\/clovira.com\/contacto\/"},"modified":"2026-03-15T12:59:05","modified_gmt":"2026-03-15T11:59:05","slug":"contacto","status":"publish","type":"page","link":"https:\/\/clovira.com\/es\/contacto\/","title":{"rendered":"Contacto"},"content":{"rendered":"\t\t<div data-elementor-type=\"wp-page\" data-elementor-id=\"4370\" class=\"elementor elementor-4370 elementor-1367\">\n\t\t\t\t\t\t<section class=\"elementor-section elementor-top-section elementor-element elementor-element-55f6585e0 elementor-section-height-min-height elementor-hidden-mobile elementor-section-boxed elementor-section-height-default elementor-section-items-middle wpr-particle-no wpr-sticky-section-no wpr-equal-height-no\" data-id=\"55f6585e0\" data-element_type=\"section\" data-e-type=\"section\" data-settings=\"{&quot;background_background&quot;:&quot;classic&quot;}\">\n\t\t\t\t\t\t\t<div class=\"elementor-background-overlay\"><\/div>\n\t\t\t\t\t\t\t<div class=\"elementor-container elementor-column-gap-default\">\n\t\t\t\t\t<div class=\"elementor-column elementor-col-100 elementor-top-column elementor-element elementor-element-3287bdf0\" data-id=\"3287bdf0\" data-element_type=\"column\" data-e-type=\"column\">\n\t\t\t<div class=\"elementor-widget-wrap elementor-element-populated\">\n\t\t\t\t\t\t\t<\/div>\n\t\t<\/div>\n\t\t\t\t\t<\/div>\n\t\t<\/section>\n\t\t<div class=\"elementor-element elementor-element-fbf6c48 e-flex e-con-boxed wpr-particle-no wpr-sticky-section-no wpr-equal-height-no e-con e-parent\" data-id=\"fbf6c48\" data-element_type=\"container\" data-e-type=\"container\">\n\t\t\t\t\t<div class=\"e-con-inner\">\n\t\t\t\t<div class=\"elementor-element elementor-element-d60a715 elementor-widget elementor-widget-heading\" data-id=\"d60a715\" data-element_type=\"widget\" data-e-type=\"widget\" data-widget_type=\"heading.default\">\n\t\t\t\t\t<h2 class=\"elementor-heading-title elementor-size-default\">Contacto<\/h2>\t\t\t\t<\/div>\n\t\t<div class=\"elementor-element elementor-element-eb667e9 e-con-full e-flex wpr-particle-no wpr-sticky-section-no wpr-equal-height-no e-con e-child\" data-id=\"eb667e9\" data-element_type=\"container\" data-e-type=\"container\">\n\t\t\t\t<div class=\"elementor-element elementor-element-7a39512 elementor-widget__width-initial elementor-widget elementor-widget-wpforms\" data-id=\"7a39512\" data-element_type=\"widget\" data-e-type=\"widget\" data-widget_type=\"wpforms.default\">\n\t\t\t\t<div class=\"elementor-widget-container\">\n\t\t\t\t\t<div class=\"wpforms-container wpforms-render-modern\" id=\"wpforms-506\"><form id=\"wpforms-form-506\" class=\"wpforms-validate wpforms-form wpforms-ajax-form\" data-formid=\"506\" method=\"post\" enctype=\"multipart\/form-data\" action=\"\/es\/wp-json\/wp\/v2\/pages\/4370\" data-token=\"d4bb7560bbb993444cb3ed6c6222865c\" data-token-time=\"1778073401\"><noscript class=\"wpforms-error-noscript\">Por favor, activa JavaScript en tu navegador para completar este formulario.<\/noscript><div id=\"wpforms-error-noscript\" style=\"display: none;\">Por favor, activa JavaScript en tu navegador para completar este formulario.<\/div><div class=\"wpforms-field-container\"><div id=\"wpforms-506-field_0-container\" class=\"wpforms-field wpforms-field-name\" data-field-id=\"0\"><label class=\"wpforms-field-label\" for=\"wpforms-506-field_0\">Naam <span class=\"wpforms-required-label\" aria-hidden=\"true\">*<\/span><\/label><input type=\"text\" id=\"wpforms-506-field_0\" class=\"wpforms-field-large wpforms-field-required\" name=\"wpforms[fields][0]\" placeholder=\"Vul hier je naam in\" aria-errormessage=\"wpforms-506-field_0-error\" required><\/div><div id=\"wpforms-506-field_1-container\" class=\"wpforms-field wpforms-field-email\" data-field-id=\"1\"><label class=\"wpforms-field-label\" for=\"wpforms-506-field_1\">Mailadres <span class=\"wpforms-required-label\" aria-hidden=\"true\">*<\/span><\/label><input type=\"email\" id=\"wpforms-506-field_1\" class=\"wpforms-field-large wpforms-field-required\" name=\"wpforms[fields][1]\" placeholder=\"Vul hier je mailadres in\" spellcheck=\"false\" aria-errormessage=\"wpforms-506-field_1-error\" required><\/div><div id=\"wpforms-506-field_4-container\" class=\"wpforms-field wpforms-field-select wpforms-field-select-style-classic\" data-field-id=\"4\"><label class=\"wpforms-field-label\" for=\"wpforms-506-field_4\">Onderwerp <span class=\"wpforms-required-label\" aria-hidden=\"true\">*<\/span><\/label><select id=\"wpforms-506-field_4\" class=\"wpforms-field-medium wpforms-field-required\" name=\"wpforms[fields][4]\" required=\"required\"><option value=\"\" class=\"placeholder\" disabled  selected='selected'>--- Selecteer keuze ---<\/option><option value=\"Vraag over een bestelling\"  class=\"choice-1 depth-1\"  >Vraag over een bestelling<\/option><option value=\"Samenwerking\"  class=\"choice-2 depth-1\"  >Samenwerking<\/option><option value=\"Overig\"  class=\"choice-3 depth-1\"  >Overig<\/option><\/select><\/div><div id=\"wpforms-506-field_2-container\" class=\"wpforms-field wpforms-field-textarea\" data-field-id=\"2\"><label class=\"wpforms-field-label\" for=\"wpforms-506-field_2\">Bericht <span class=\"wpforms-required-label\" aria-hidden=\"true\">*<\/span><\/label><textarea id=\"wpforms-506-field_2\" class=\"wpforms-field-large wpforms-field-required\" name=\"wpforms[fields][2]\" placeholder=\"Waar kunnen we je mee helpen? Laat het ons weten in dit bericht.\" aria-errormessage=\"wpforms-506-field_2-error\" required><\/textarea><\/div><\/div><!-- .wpforms-field-container --><div class=\"wpforms-submit-container\" ><input type=\"hidden\" name=\"wpforms[id]\" value=\"506\"><input type=\"hidden\" name=\"page_title\" value=\"\"><input type=\"hidden\" name=\"page_url\" value=\"https:\/\/clovira.com\/es\/wp-json\/wp\/v2\/pages\/4370\"><input type=\"hidden\" name=\"url_referer\" value=\"\"><button type=\"submit\" name=\"wpforms[submit]\" id=\"wpforms-submit-506\" class=\"wpforms-submit\" data-alt-text=\"Verzenden...\" data-submit-text=\"Verzenden\" aria-live=\"assertive\" value=\"wpforms-submit\">Verzenden<\/button><img decoding=\"async\" src=\"https:\/\/clovira.com\/wp-content\/plugins\/wpforms-lite\/assets\/images\/submit-spin.svg\" class=\"wpforms-submit-spinner\" style=\"display: none;\" width=\"26\" height=\"26\" alt=\"Cargando\"><\/div><\/form><\/div>  <!-- .wpforms-container -->\t\t\t\t<\/div>\n\t\t\t\t<\/div>\n\t\t\t\t<div class=\"elementor-element elementor-element-1c03d9e elementor-widget elementor-widget-text-editor\" data-id=\"1c03d9e\" data-element_type=\"widget\" data-e-type=\"widget\" data-widget_type=\"text-editor.default\">\n\t\t\t\t\t\t\t\t\t<p>\u00bfTiene alguna pregunta sobre Clovira, nuestro m\u00e9todo de trabajo, su pedido o cualquier otra cuesti\u00f3n? Consulte nuestra <a href=\"https:\/\/clovira.com\/es\/?page_id=4356\">p\u00e1gina de preguntas frecuentes<\/a> para ver si encuentra su respuesta. \u00bfNo aparece aqu\u00ed? En ese caso, contacte con nosotros a trav\u00e9s del formulario. <\/p><p>\u00bfPrefiere el contacto directo? <\/p><ul><li>WhatsApp: <a href=\"https:\/\/wa.me\/34614011757?text=Hoi%2C%20ik%20overweeg%20een%20bestelling%20en%20heb%20een%20vraag.\"><strong>+34614011757<\/strong><\/a><\/li><li>Correo electr\u00f3nico: <strong><a href=\"mailto:info@clovira.com\">info@clovira.com<\/a><\/strong><\/li><\/ul>\t\t\t\t\t\t\t\t<\/div>\n\t\t\t\t<\/div>\n\t\t\t\t\t<\/div>\n\t\t\t\t<\/div>\n\t\t\t\t<\/div>\n\t\t","protected":false},"excerpt":{"rendered":"<p>Contacto Schakel JavaScript in je browser in om dit formulier in te vullen.Schakel JavaScript in je browser in om dit formulier in te vullen.Naam *Mailadres *Onderwerp *&#8212; Selecteer keuze &#8212;Vraag over een bestellingSamenwerkingOverigBericht * Verzenden \u00bfTiene alguna pregunta sobre Clovira, nuestro m\u00e9todo de trabajo, su pedido o cualquier otra cuesti\u00f3n? Consulte nuestra p\u00e1gina de preguntas frecuentes para ver si encuentra su respuesta. \u00bfNo aparece aqu\u00ed? En ese caso, contacte con nosotros a trav\u00e9s del formulario. \u00bfPrefiere el contacto directo? WhatsApp: +34614011757 Correo electr\u00f3nico: info@clovira.com<\/p>\n","protected":false},"author":1,"featured_media":4371,"parent":0,"menu_order":0,"comment_status":"closed","ping_status":"closed","template":"","meta":{"footnotes":""},"class_list":["post-4370","page","type-page","status-publish","has-post-thumbnail","hentry"],"blocksy_meta":[],"yoast_head":"<!-- This site is optimized with the Yoast SEO plugin v27.5 - https:\/\/yoast.com\/product\/yoast-seo-wordpress\/ -->\n<title>P\u00f3ngase en contacto con nosotros<\/title>\n<meta name=\"description\" content=\"\u00bfDesea m\u00e1s informaci\u00f3n sobre Clovira o nuestro m\u00e9todo de trabajo? \u00bfO le gustar\u00eda inmortalizar su momento especial? \u00a1Entonces, p\u00f3ngase en contacto con nosotros!\" \/>\n<meta name=\"robots\" content=\"index, follow, max-snippet:-1, max-image-preview:large, max-video-preview:-1\" \/>\n<link rel=\"canonical\" href=\"https:\/\/clovira.com\/es\/contacto\/\" \/>\n<meta property=\"og:locale\" content=\"es_ES\" \/>\n<meta property=\"og:type\" content=\"article\" \/>\n<meta property=\"og:title\" content=\"P\u00f3ngase en contacto con nosotros\" \/>\n<meta property=\"og:description\" content=\"\u00bfDesea m\u00e1s informaci\u00f3n sobre Clovira o nuestro m\u00e9todo de trabajo? \u00bfO le gustar\u00eda inmortalizar su momento especial? \u00a1Entonces, p\u00f3ngase en contacto con nosotros!\" \/>\n<meta property=\"og:url\" content=\"https:\/\/clovira.com\/es\/contacto\/\" \/>\n<meta property=\"og:site_name\" content=\"Clovira\" \/>\n<meta property=\"article:modified_time\" content=\"2026-03-15T11:59:05+00:00\" \/>\n<meta property=\"og:image\" content=\"https:\/\/clovira.com\/wp-content\/uploads\/2025\/11\/IMG_5392-scaled-e1764173434422.jpg\" \/>\n\t<meta property=\"og:image:width\" content=\"2048\" \/>\n\t<meta property=\"og:image:height\" content=\"1390\" \/>\n\t<meta property=\"og:image:type\" content=\"image\/jpeg\" \/>\n<meta name=\"twitter:card\" content=\"summary_large_image\" \/>\n<script type=\"application\/ld+json\" class=\"yoast-schema-graph\">{\"@context\":\"https:\\\/\\\/schema.org\",\"@graph\":[{\"@type\":\"WebPage\",\"@id\":\"https:\\\/\\\/clovira.com\\\/es\\\/contacto\\\/\",\"url\":\"https:\\\/\\\/clovira.com\\\/es\\\/contacto\\\/\",\"name\":\"P\u00f3ngase en contacto con nosotros\",\"isPartOf\":{\"@id\":\"https:\\\/\\\/clovira.com\\\/es\\\/#website\"},\"primaryImageOfPage\":{\"@id\":\"https:\\\/\\\/clovira.com\\\/es\\\/contacto\\\/#primaryimage\"},\"image\":{\"@id\":\"https:\\\/\\\/clovira.com\\\/es\\\/contacto\\\/#primaryimage\"},\"thumbnailUrl\":\"https:\\\/\\\/clovira.com\\\/wp-content\\\/uploads\\\/2025\\\/11\\\/IMG_5392-scaled-e1764173434422.jpg\",\"datePublished\":\"2025-11-26T11:19:58+00:00\",\"dateModified\":\"2026-03-15T11:59:05+00:00\",\"description\":\"\u00bfDesea m\u00e1s informaci\u00f3n sobre Clovira o nuestro m\u00e9todo de trabajo? \u00bfO le gustar\u00eda inmortalizar su momento especial? \u00a1Entonces, p\u00f3ngase en contacto con nosotros!\",\"breadcrumb\":{\"@id\":\"https:\\\/\\\/clovira.com\\\/es\\\/contacto\\\/#breadcrumb\"},\"inLanguage\":\"es\",\"potentialAction\":[{\"@type\":\"ReadAction\",\"target\":[\"https:\\\/\\\/clovira.com\\\/es\\\/contacto\\\/\"]}]},{\"@type\":\"ImageObject\",\"inLanguage\":\"es\",\"@id\":\"https:\\\/\\\/clovira.com\\\/es\\\/contacto\\\/#primaryimage\",\"url\":\"https:\\\/\\\/clovira.com\\\/wp-content\\\/uploads\\\/2025\\\/11\\\/IMG_5392-scaled-e1764173434422.jpg\",\"contentUrl\":\"https:\\\/\\\/clovira.com\\\/wp-content\\\/uploads\\\/2025\\\/11\\\/IMG_5392-scaled-e1764173434422.jpg\",\"width\":2048,\"height\":1390,\"caption\":\"Clovira - Sobre nosotros\"},{\"@type\":\"BreadcrumbList\",\"@id\":\"https:\\\/\\\/clovira.com\\\/es\\\/contacto\\\/#breadcrumb\",\"itemListElement\":[{\"@type\":\"ListItem\",\"position\":1,\"name\":\"Home\",\"item\":\"https:\\\/\\\/clovira.com\\\/es\\\/\"},{\"@type\":\"ListItem\",\"position\":2,\"name\":\"Contacto\"}]},{\"@type\":\"WebSite\",\"@id\":\"https:\\\/\\\/clovira.com\\\/es\\\/#website\",\"url\":\"https:\\\/\\\/clovira.com\\\/es\\\/\",\"name\":\"Clovira\",\"description\":\"Your story. Our creation.\",\"publisher\":{\"@id\":\"https:\\\/\\\/clovira.com\\\/es\\\/#organization\"},\"potentialAction\":[{\"@type\":\"SearchAction\",\"target\":{\"@type\":\"EntryPoint\",\"urlTemplate\":\"https:\\\/\\\/clovira.com\\\/es\\\/?s={search_term_string}\"},\"query-input\":{\"@type\":\"PropertyValueSpecification\",\"valueRequired\":true,\"valueName\":\"search_term_string\"}}],\"inLanguage\":\"es\"},{\"@type\":\"Organization\",\"@id\":\"https:\\\/\\\/clovira.com\\\/es\\\/#organization\",\"name\":\"Clovira\",\"url\":\"https:\\\/\\\/clovira.com\\\/es\\\/\",\"logo\":{\"@type\":\"ImageObject\",\"inLanguage\":\"es\",\"@id\":\"https:\\\/\\\/clovira.com\\\/es\\\/#\\\/schema\\\/logo\\\/image\\\/\",\"url\":\"https:\\\/\\\/clovira.com\\\/wp-content\\\/uploads\\\/2025\\\/09\\\/CLOVIRA.jpg\",\"contentUrl\":\"https:\\\/\\\/clovira.com\\\/wp-content\\\/uploads\\\/2025\\\/09\\\/CLOVIRA.jpg\",\"width\":1024,\"height\":1024,\"caption\":\"Clovira\"},\"image\":{\"@id\":\"https:\\\/\\\/clovira.com\\\/es\\\/#\\\/schema\\\/logo\\\/image\\\/\"}}]}<\/script>\n<!-- \/ Yoast SEO plugin. -->","yoast_head_json":{"title":"P\u00f3ngase en contacto con nosotros","description":"\u00bfDesea m\u00e1s informaci\u00f3n sobre Clovira o nuestro m\u00e9todo de trabajo? \u00bfO le gustar\u00eda inmortalizar su momento especial? \u00a1Entonces, p\u00f3ngase en contacto con nosotros!","robots":{"index":"index","follow":"follow","max-snippet":"max-snippet:-1","max-image-preview":"max-image-preview:large","max-video-preview":"max-video-preview:-1"},"canonical":"https:\/\/clovira.com\/es\/contacto\/","og_locale":"es_ES","og_type":"article","og_title":"P\u00f3ngase en contacto con nosotros","og_description":"\u00bfDesea m\u00e1s informaci\u00f3n sobre Clovira o nuestro m\u00e9todo de trabajo? \u00bfO le gustar\u00eda inmortalizar su momento especial? \u00a1Entonces, p\u00f3ngase en contacto con nosotros!","og_url":"https:\/\/clovira.com\/es\/contacto\/","og_site_name":"Clovira","article_modified_time":"2026-03-15T11:59:05+00:00","og_image":[{"width":2048,"height":1390,"url":"https:\/\/clovira.com\/wp-content\/uploads\/2025\/11\/IMG_5392-scaled-e1764173434422.jpg","type":"image\/jpeg"}],"twitter_card":"summary_large_image","schema":{"@context":"https:\/\/schema.org","@graph":[{"@type":"WebPage","@id":"https:\/\/clovira.com\/es\/contacto\/","url":"https:\/\/clovira.com\/es\/contacto\/","name":"P\u00f3ngase en contacto con nosotros","isPartOf":{"@id":"https:\/\/clovira.com\/es\/#website"},"primaryImageOfPage":{"@id":"https:\/\/clovira.com\/es\/contacto\/#primaryimage"},"image":{"@id":"https:\/\/clovira.com\/es\/contacto\/#primaryimage"},"thumbnailUrl":"https:\/\/clovira.com\/wp-content\/uploads\/2025\/11\/IMG_5392-scaled-e1764173434422.jpg","datePublished":"2025-11-26T11:19:58+00:00","dateModified":"2026-03-15T11:59:05+00:00","description":"\u00bfDesea m\u00e1s informaci\u00f3n sobre Clovira o nuestro m\u00e9todo de trabajo? \u00bfO le gustar\u00eda inmortalizar su momento especial? \u00a1Entonces, p\u00f3ngase en contacto con nosotros!","breadcrumb":{"@id":"https:\/\/clovira.com\/es\/contacto\/#breadcrumb"},"inLanguage":"es","potentialAction":[{"@type":"ReadAction","target":["https:\/\/clovira.com\/es\/contacto\/"]}]},{"@type":"ImageObject","inLanguage":"es","@id":"https:\/\/clovira.com\/es\/contacto\/#primaryimage","url":"https:\/\/clovira.com\/wp-content\/uploads\/2025\/11\/IMG_5392-scaled-e1764173434422.jpg","contentUrl":"https:\/\/clovira.com\/wp-content\/uploads\/2025\/11\/IMG_5392-scaled-e1764173434422.jpg","width":2048,"height":1390,"caption":"Clovira - Sobre nosotros"},{"@type":"BreadcrumbList","@id":"https:\/\/clovira.com\/es\/contacto\/#breadcrumb","itemListElement":[{"@type":"ListItem","position":1,"name":"Home","item":"https:\/\/clovira.com\/es\/"},{"@type":"ListItem","position":2,"name":"Contacto"}]},{"@type":"WebSite","@id":"https:\/\/clovira.com\/es\/#website","url":"https:\/\/clovira.com\/es\/","name":"Clovira","description":"Your story. Our creation.","publisher":{"@id":"https:\/\/clovira.com\/es\/#organization"},"potentialAction":[{"@type":"SearchAction","target":{"@type":"EntryPoint","urlTemplate":"https:\/\/clovira.com\/es\/?s={search_term_string}"},"query-input":{"@type":"PropertyValueSpecification","valueRequired":true,"valueName":"search_term_string"}}],"inLanguage":"es"},{"@type":"Organization","@id":"https:\/\/clovira.com\/es\/#organization","name":"Clovira","url":"https:\/\/clovira.com\/es\/","logo":{"@type":"ImageObject","inLanguage":"es","@id":"https:\/\/clovira.com\/es\/#\/schema\/logo\/image\/","url":"https:\/\/clovira.com\/wp-content\/uploads\/2025\/09\/CLOVIRA.jpg","contentUrl":"https:\/\/clovira.com\/wp-content\/uploads\/2025\/09\/CLOVIRA.jpg","width":1024,"height":1024,"caption":"Clovira"},"image":{"@id":"https:\/\/clovira.com\/es\/#\/schema\/logo\/image\/"}}]}},"_links":{"self":[{"href":"https:\/\/clovira.com\/es\/wp-json\/wp\/v2\/pages\/4370","targetHints":{"allow":["GET"]}}],"collection":[{"href":"https:\/\/clovira.com\/es\/wp-json\/wp\/v2\/pages"}],"about":[{"href":"https:\/\/clovira.com\/es\/wp-json\/wp\/v2\/types\/page"}],"author":[{"embeddable":true,"href":"https:\/\/clovira.com\/es\/wp-json\/wp\/v2\/users\/1"}],"replies":[{"embeddable":true,"href":"https:\/\/clovira.com\/es\/wp-json\/wp\/v2\/comments?post=4370"}],"version-history":[{"count":4,"href":"https:\/\/clovira.com\/es\/wp-json\/wp\/v2\/pages\/4370\/revisions"}],"predecessor-version":[{"id":4385,"href":"https:\/\/clovira.com\/es\/wp-json\/wp\/v2\/pages\/4370\/revisions\/4385"}],"wp:featuredmedia":[{"embeddable":true,"href":"https:\/\/clovira.com\/es\/wp-json\/wp\/v2\/media\/4371"}],"wp:attachment":[{"href":"https:\/\/clovira.com\/es\/wp-json\/wp\/v2\/media?parent=4370"}],"curies":[{"name":"wp","href":"https:\/\/api.w.org\/{rel}","templated":true}]}}