{"id":4397,"date":"2026-03-08T13:25:16","date_gmt":"2026-03-08T12:25:16","guid":{"rendered":"https:\/\/clovira.com\/sobre-nosotros\/"},"modified":"2026-03-16T10:53:33","modified_gmt":"2026-03-16T09:53:33","slug":"sobre-nosotros","status":"publish","type":"page","link":"https:\/\/clovira.com\/es\/sobre-nosotros\/","title":{"rendered":"Sobre nosotros"},"content":{"rendered":"\t\t<div data-elementor-type=\"wp-page\" data-elementor-id=\"4397\" class=\"elementor elementor-4397 elementor-3920\">\n\t\t\t\t<div class=\"elementor-element elementor-element-e08e413 e-flex e-con-boxed wpr-particle-no wpr-sticky-section-no wpr-equal-height-no e-con e-parent\" data-id=\"e08e413\" data-element_type=\"container\" data-e-type=\"container\" data-settings=\"{&quot;background_background&quot;:&quot;classic&quot;}\">\n\t\t\t\t\t<div class=\"e-con-inner\">\n\t\t<div class=\"elementor-element elementor-element-c3f440e e-con-full e-transform e-flex wpr-particle-no wpr-sticky-section-no wpr-equal-height-no e-con e-child\" data-id=\"c3f440e\" data-element_type=\"container\" data-e-type=\"container\" data-settings=\"{&quot;_transform_translateY_effect&quot;:{&quot;unit&quot;:&quot;px&quot;,&quot;size&quot;:15,&quot;sizes&quot;:[]},&quot;_transform_translateX_effect&quot;:{&quot;unit&quot;:&quot;px&quot;,&quot;size&quot;:&quot;&quot;,&quot;sizes&quot;:[]},&quot;_transform_translateX_effect_tablet&quot;:{&quot;unit&quot;:&quot;px&quot;,&quot;size&quot;:&quot;&quot;,&quot;sizes&quot;:[]},&quot;_transform_translateX_effect_mobile&quot;:{&quot;unit&quot;:&quot;px&quot;,&quot;size&quot;:&quot;&quot;,&quot;sizes&quot;:[]},&quot;_transform_translateY_effect_tablet&quot;:{&quot;unit&quot;:&quot;px&quot;,&quot;size&quot;:&quot;&quot;,&quot;sizes&quot;:[]},&quot;_transform_translateY_effect_mobile&quot;:{&quot;unit&quot;:&quot;px&quot;,&quot;size&quot;:&quot;&quot;,&quot;sizes&quot;:[]}}\">\n\t\t<div class=\"elementor-element elementor-element-41e12dd e-con-full e-flex wpr-particle-no wpr-sticky-section-no wpr-equal-height-no e-con e-child\" data-id=\"41e12dd\" data-element_type=\"container\" data-e-type=\"container\">\n\t\t\t\t<div class=\"elementor-element elementor-element-8e0035f elementor-widget__width-initial elementor-widget elementor-widget-heading\" data-id=\"8e0035f\" data-element_type=\"widget\" data-e-type=\"widget\" data-widget_type=\"heading.default\">\n\t\t\t\t\t<h1 class=\"elementor-heading-title elementor-size-default\">Donde los recuerdos<br><span class=\"accent\">cobran forma<\/span><\/h1>\t\t\t\t<\/div>\n\t\t\t\t<div class=\"elementor-element elementor-element-45be622 elementor-widget__width-initial elementor-widget elementor-widget-text-editor\" data-id=\"45be622\" data-element_type=\"widget\" data-e-type=\"widget\" data-widget_type=\"text-editor.default\">\n\t\t\t\t\t\t\t\t\t<p style=\"color: #2f3a4a;\">Clovira existe porque algunos momentos merecen algo m\u00e1s que un lugar en su tel\u00e9fono.<\/p>\t\t\t\t\t\t\t\t<\/div>\n\t\t\t\t<\/div>\n\t\t\t\t<\/div>\n\t\t\t\t\t<\/div>\n\t\t\t\t<\/div>\n\t\t<div class=\"elementor-element elementor-element-5c47a41 e-flex e-con-boxed wpr-particle-no wpr-sticky-section-no wpr-equal-height-no e-con e-parent\" data-id=\"5c47a41\" data-element_type=\"container\" data-e-type=\"container\" data-settings=\"{&quot;background_background&quot;:&quot;classic&quot;}\">\n\t\t\t\t\t<div class=\"e-con-inner\">\n\t\t<div class=\"elementor-element elementor-element-eee0442 e-con-full e-flex wpr-particle-no wpr-sticky-section-no wpr-equal-height-no e-con e-child\" data-id=\"eee0442\" data-element_type=\"container\" data-e-type=\"container\">\n\t\t\t\t<div class=\"elementor-element elementor-element-2d03af7 elementor-widget elementor-widget-heading\" data-id=\"2d03af7\" data-element_type=\"widget\" data-e-type=\"widget\" data-widget_type=\"heading.default\">\n\t\t\t\t\t<h2 class=\"elementor-heading-title elementor-size-default\">Los recuerdos merecen ser <br><span class=\"italic-line\">tangibles<\/span><\/h2>\t\t\t\t<\/div>\n\t\t\t\t<div class=\"elementor-element elementor-element-c0d1792 elementor-widget elementor-widget-text-editor\" data-id=\"c0d1792\" data-element_type=\"widget\" data-e-type=\"widget\" data-widget_type=\"text-editor.default\">\n\t\t\t\t\t\t\t\t\t<p><span style=\"color: #2f3a4a;\">In un mundo donde todo es digital y ef\u00edmero, creamos algo que perdura. Una obra de arte personal que puede sostener, sentir y seguir admirando. <\/span><\/p><p><span style=\"color: #2f3a4a;\">Cada creaci\u00f3n comienza con una foto, su recuerdo. Desde nuestro taller en Valencia, Espa\u00f1a, damos vida a este momento cuidadosamente en resina de alta calidad, rellenada y acabada para que adquiera peso, car\u00e1cter y presencia. <\/span><\/p><p><span style=\"color: #2f3a4a;\">Lo que antes estaba reservado a estatuas de personas influyentes, ahora lo hacemos accesible en una forma \u00edntima y personal. Para bodas, nuevas vidas y momentos que nunca querr\u00e1 olvidar. <\/span><\/p>\t\t\t\t\t\t\t\t<\/div>\n\t\t\t\t<div class=\"elementor-element elementor-element-c34f3e3 elementor-widget elementor-widget-heading\" data-id=\"c34f3e3\" data-element_type=\"widget\" data-e-type=\"widget\" data-widget_type=\"heading.default\">\n\t\t\t\t\t<h2 class=\"elementor-heading-title elementor-size-default\">Clovira. Su historia, nuestra creaci\u00f3n.<\/h2>\t\t\t\t<\/div>\n\t\t\t\t<\/div>\n\t\t<div class=\"elementor-element elementor-element-12f1e5f e-con-full e-flex wpr-particle-no wpr-sticky-section-no wpr-equal-height-no e-con e-child\" data-id=\"12f1e5f\" data-element_type=\"container\" data-e-type=\"container\">\n\t\t\t\t<div class=\"elementor-element elementor-element-ccb732c clovira-step-image elementor-widget elementor-widget-image\" data-id=\"ccb732c\" data-element_type=\"widget\" data-e-type=\"widget\" data-widget_type=\"image.default\">\n\t\t\t\t\t\t\t\t\t\t\t\t\t\t\t<img fetchpriority=\"high\" decoding=\"async\" width=\"1024\" height=\"695\" src=\"https:\/\/clovira.com\/wp-content\/uploads\/2025\/11\/IMG_5392-scaled-e1764173434422-1024x695.jpg\" class=\"attachment-large size-large wp-image-4371\" alt=\"Clovira - Sobre nosotros\" srcset=\"https:\/\/clovira.com\/wp-content\/uploads\/2025\/11\/IMG_5392-scaled-e1764173434422-1024x695.jpg 1024w, https:\/\/clovira.com\/wp-content\/uploads\/2025\/11\/IMG_5392-scaled-e1764173434422-720x489.jpg 720w, https:\/\/clovira.com\/wp-content\/uploads\/2025\/11\/IMG_5392-scaled-e1764173434422-768x521.jpg 768w, https:\/\/clovira.com\/wp-content\/uploads\/2025\/11\/IMG_5392-scaled-e1764173434422-1536x1043.jpg 1536w, https:\/\/clovira.com\/wp-content\/uploads\/2025\/11\/IMG_5392-scaled-e1764173434422-300x204.jpg 300w, https:\/\/clovira.com\/wp-content\/uploads\/2025\/11\/IMG_5392-scaled-e1764173434422-600x407.jpg 600w, https:\/\/clovira.com\/wp-content\/uploads\/2025\/11\/IMG_5392-scaled-e1764173434422.jpg 2048w\" sizes=\"(max-width: 1024px) 100vw, 1024px\" \/>\t\t\t\t\t\t\t\t\t\t\t\t\t\t\t<\/div>\n\t\t\t\t<\/div>\n\t\t\t\t\t<\/div>\n\t\t\t\t<\/div>\n\t\t<div class=\"elementor-element elementor-element-abb894a e-con-full e-flex wpr-particle-no wpr-sticky-section-no wpr-equal-height-no e-con e-child\" data-id=\"abb894a\" data-element_type=\"container\" data-e-type=\"container\" data-settings=\"{&quot;background_background&quot;:&quot;classic&quot;}\">\n\t\t\t\t<div class=\"elementor-element elementor-element-3a6120a elementor-widget elementor-widget-heading\" data-id=\"3a6120a\" data-element_type=\"widget\" data-e-type=\"widget\" data-widget_type=\"heading.default\">\n\t\t\t\t\t<h2 class=\"elementor-heading-title elementor-size-default\">Nuestra motivaci\u00f3n<\/h2>\t\t\t\t<\/div>\n\t\t<div class=\"elementor-element elementor-element-ad2451e e-con-full e-flex wpr-particle-no wpr-sticky-section-no wpr-equal-height-no e-con e-child\" data-id=\"ad2451e\" data-element_type=\"container\" data-e-type=\"container\" data-settings=\"{&quot;background_background&quot;:&quot;classic&quot;}\">\n\t\t<div class=\"elementor-element elementor-element-2f29cbf e-grid e-con-full wpr-particle-no wpr-sticky-section-no wpr-equal-height-no e-con e-child\" data-id=\"2f29cbf\" data-element_type=\"container\" data-e-type=\"container\">\n\t\t\t\t<div class=\"elementor-element elementor-element-6650b08 clovira-iconvak2 elementor-view-default elementor-position-block-start elementor-mobile-position-block-start elementor-widget elementor-widget-icon-box\" data-id=\"6650b08\" data-element_type=\"widget\" data-e-type=\"widget\" data-widget_type=\"icon-box.default\">\n\t\t\t\t\t\t\t<div class=\"elementor-icon-box-wrapper\">\n\n\t\t\t\t\t\t<div class=\"elementor-icon-box-icon\">\n\t\t\t\t<span  class=\"elementor-icon\">\n\t\t\t\t<svg aria-hidden=\"true\" class=\"e-font-icon-svg e-fas-circle\" viewBox=\"0 0 512 512\" xmlns=\"http:\/\/www.w3.org\/2000\/svg\"><path d=\"M256 8C119 8 8 119 8 256s111 248 248 248 248-111 248-248S393 8 256 8z\"><\/path><\/svg>\t\t\t\t<\/span>\n\t\t\t<\/div>\n\t\t\t\n\t\t\t\t\t\t<div class=\"elementor-icon-box-content\">\n\n\t\t\t\t\t\t\t\t\t<h3 class=\"elementor-icon-box-title\">\n\t\t\t\t\t\t<span  >\n\t\t\t\t\t\t\tCada historia es \u00fanica\t\t\t\t\t\t<\/span>\n\t\t\t\t\t<\/h3>\n\t\t\t\t\n\t\t\t\t\t\t\t\t\t<p class=\"elementor-icon-box-description\">\n\t\t\t\t\t\tDetr\u00e1s de cada foto se esconde una historia. Escuchamos, comprendemos y traducimos esa historia en algo que puede sostener. \t\t\t\t\t<\/p>\n\t\t\t\t\n\t\t\t<\/div>\n\t\t\t\n\t\t<\/div>\n\t\t\t\t\t\t<\/div>\n\t\t\t\t<div class=\"elementor-element elementor-element-3315aef clovira-iconvak2 elementor-view-default elementor-position-block-start elementor-mobile-position-block-start elementor-widget elementor-widget-icon-box\" data-id=\"3315aef\" data-element_type=\"widget\" data-e-type=\"widget\" data-widget_type=\"icon-box.default\">\n\t\t\t\t\t\t\t<div class=\"elementor-icon-box-wrapper\">\n\n\t\t\t\t\t\t<div class=\"elementor-icon-box-icon\">\n\t\t\t\t<span  class=\"elementor-icon\">\n\t\t\t\t<svg aria-hidden=\"true\" class=\"e-font-icon-svg e-fas-circle\" viewBox=\"0 0 512 512\" xmlns=\"http:\/\/www.w3.org\/2000\/svg\"><path d=\"M256 8C119 8 8 119 8 256s111 248 248 248 248-111 248-248S393 8 256 8z\"><\/path><\/svg>\t\t\t\t<\/span>\n\t\t\t<\/div>\n\t\t\t\n\t\t\t\t\t\t<div class=\"elementor-icon-box-content\">\n\n\t\t\t\t\t\t\t\t\t<h3 class=\"elementor-icon-box-title\">\n\t\t\t\t\t\t<span  >\n\t\t\t\t\t\t\tArtesan\u00eda por encima de la rapidez\t\t\t\t\t\t<\/span>\n\t\t\t\t\t<\/h3>\n\t\t\t\t\n\t\t\t\t\t\t\t\t\t<p class=\"elementor-icon-box-description\">\n\t\t\t\t\t\tNos tomamos el tiempo necesario. Sin prisas, sin producci\u00f3n en masa. Cada escultura recibe la atenci\u00f3n que merece.  \t\t\t\t\t<\/p>\n\t\t\t\t\n\t\t\t<\/div>\n\t\t\t\n\t\t<\/div>\n\t\t\t\t\t\t<\/div>\n\t\t\t\t<div class=\"elementor-element elementor-element-5b74c84 clovira-iconvak2 elementor-view-default elementor-position-block-start elementor-mobile-position-block-start elementor-widget elementor-widget-icon-box\" data-id=\"5b74c84\" data-element_type=\"widget\" data-e-type=\"widget\" data-widget_type=\"icon-box.default\">\n\t\t\t\t\t\t\t<div class=\"elementor-icon-box-wrapper\">\n\n\t\t\t\t\t\t<div class=\"elementor-icon-box-icon\">\n\t\t\t\t<span  class=\"elementor-icon\">\n\t\t\t\t<svg aria-hidden=\"true\" class=\"e-font-icon-svg e-fas-circle\" viewBox=\"0 0 512 512\" xmlns=\"http:\/\/www.w3.org\/2000\/svg\"><path d=\"M256 8C119 8 8 119 8 256s111 248 248 248 248-111 248-248S393 8 256 8z\"><\/path><\/svg>\t\t\t\t<\/span>\n\t\t\t<\/div>\n\t\t\t\n\t\t\t\t\t\t<div class=\"elementor-icon-box-content\">\n\n\t\t\t\t\t\t\t\t\t<h3 class=\"elementor-icon-box-title\">\n\t\t\t\t\t\t<span  >\n\t\t\t\t\t\t\tPersonalizado hasta el final\t\t\t\t\t\t<\/span>\n\t\t\t\t\t<\/h3>\n\t\t\t\t\n\t\t\t\t\t\t\t\t\t<p class=\"elementor-icon-box-description\">\n\t\t\t\t\t\tDesde el primer contacto hasta la entrega, siempre tendr\u00e1 un punto de contacto fijo que le asesorar\u00e1.\t\t\t\t\t<\/p>\n\t\t\t\t\n\t\t\t<\/div>\n\t\t\t\n\t\t<\/div>\n\t\t\t\t\t\t<\/div>\n\t\t\t\t<\/div>\n\t\t\t\t<\/div>\n\t\t\t\t<\/div>\n\t\t<div class=\"elementor-element elementor-element-89fb868 e-flex e-con-boxed wpr-particle-no wpr-sticky-section-no wpr-equal-height-no e-con e-parent\" data-id=\"89fb868\" data-element_type=\"container\" data-e-type=\"container\" data-settings=\"{&quot;background_background&quot;:&quot;classic&quot;}\">\n\t\t\t\t\t<div class=\"e-con-inner\">\n\t\t\t\t<div class=\"elementor-element elementor-element-c056c76 elementor-widget elementor-widget-heading\" data-id=\"c056c76\" data-element_type=\"widget\" data-e-type=\"widget\" data-widget_type=\"heading.default\">\n\t\t\t\t\t<h2 class=\"elementor-heading-title elementor-size-default\">Hagamos juntos algo<br><span class=\"italic-line\">especial<\/span><\/h2>\t\t\t\t<\/div>\n\t\t\t\t<div class=\"elementor-element elementor-element-6ed34bb elementor-widget elementor-widget-text-editor\" data-id=\"6ed34bb\" data-element_type=\"widget\" data-e-type=\"widget\" data-widget_type=\"text-editor.default\">\n\t\t\t\t\t\t\t\t\t<p style=\"color: #fff;\">Cu\u00e9ntenos su momento. Escuchamos, aportamos ideas y creamos algo que perdura. <\/p>\t\t\t\t\t\t\t\t<\/div>\n\t\t\t\t\t<\/div>\n\t\t\t\t<\/div>\n\t\t<div class=\"elementor-element elementor-element-8794e5a e-flex e-con-boxed wpr-particle-no wpr-sticky-section-no wpr-equal-height-no e-con e-parent\" data-id=\"8794e5a\" data-element_type=\"container\" data-e-type=\"container\" data-settings=\"{&quot;background_background&quot;:&quot;classic&quot;}\">\n\t\t\t\t\t<div class=\"e-con-inner\">\n\t\t<div class=\"elementor-element elementor-element-0831eec e-con-full e-flex wpr-particle-no wpr-sticky-section-no wpr-equal-height-no e-con e-child\" data-id=\"0831eec\" data-element_type=\"container\" data-e-type=\"container\">\n\t\t\t\t<div class=\"elementor-element elementor-element-98f2f52 elementor-align-center elementor-widget elementor-widget-button\" data-id=\"98f2f52\" data-element_type=\"widget\" data-e-type=\"widget\" data-widget_type=\"button.default\">\n\t\t\t\t\t\t\t\t\t\t<a class=\"elementor-button elementor-button-link elementor-size-sm\" href=\"https:\/\/clovira.com\/es\/winkel\/esculturas\/escultura-conmemorativa\/\">\n\t\t\t\t\t\t<span class=\"elementor-button-content-wrapper\">\n\t\t\t\t\t\t\t\t\t<span class=\"elementor-button-text\">Inicie su dise\u00f1o<\/span>\n\t\t\t\t\t<\/span>\n\t\t\t\t\t<\/a>\n\t\t\t\t\t\t\t\t<\/div>\n\t\t\t\t<\/div>\n\t\t<div class=\"elementor-element elementor-element-f10f1bb e-con-full e-flex wpr-particle-no wpr-sticky-section-no wpr-equal-height-no e-con e-child\" data-id=\"f10f1bb\" data-element_type=\"container\" data-e-type=\"container\" data-settings=\"{&quot;background_background&quot;:&quot;classic&quot;}\">\n\t\t\t\t<div class=\"elementor-element elementor-element-de17bf5 elementor-align-left elementor-widget elementor-widget-button\" data-id=\"de17bf5\" data-element_type=\"widget\" data-e-type=\"widget\" data-settings=\"{&quot;_animation&quot;:&quot;none&quot;}\" data-widget_type=\"button.default\">\n\t\t\t\t\t\t\t\t\t\t<a class=\"elementor-button elementor-button-link elementor-size-sm\" href=\"https:\/\/wa.me\/34614011757?text=Hoi!%20Ik%20vroeg%20me%20af%20of%20mijn%20foto%20geschikt%20is%20voor%20een%20Clovira%20beeldje.%20Kunnen%20jullie%20even%20meekijken?\">\n\t\t\t\t\t\t<span class=\"elementor-button-content-wrapper\">\n\t\t\t\t\t\t<span class=\"elementor-button-icon\">\n\t\t\t\t<svg aria-hidden=\"true\" class=\"e-font-icon-svg e-fab-whatsapp\" viewBox=\"0 0 448 512\" xmlns=\"http:\/\/www.w3.org\/2000\/svg\"><path d=\"M380.9 97.1C339 55.1 283.2 32 223.9 32c-122.4 0-222 99.6-222 222 0 39.1 10.2 77.3 29.6 111L0 480l117.7-30.9c32.4 17.7 68.9 27 106.1 27h.1c122.3 0 224.1-99.6 224.1-222 0-59.3-25.2-115-67.1-157zm-157 341.6c-33.2 0-65.7-8.9-94-25.7l-6.7-4-69.8 18.3L72 359.2l-4.4-7c-18.5-29.4-28.2-63.3-28.2-98.2 0-101.7 82.8-184.5 184.6-184.5 49.3 0 95.6 19.2 130.4 54.1 34.8 34.9 56.2 81.2 56.1 130.5 0 101.8-84.9 184.6-186.6 184.6zm101.2-138.2c-5.5-2.8-32.8-16.2-37.9-18-5.1-1.9-8.8-2.8-12.5 2.8-3.7 5.6-14.3 18-17.6 21.8-3.2 3.7-6.5 4.2-12 1.4-32.6-16.3-54-29.1-75.5-66-5.7-9.8 5.7-9.1 16.3-30.3 1.8-3.7.9-6.9-.5-9.7-1.4-2.8-12.5-30.1-17.1-41.2-4.5-10.8-9.1-9.3-12.5-9.5-3.2-.2-6.9-.2-10.6-.2-3.7 0-9.7 1.4-14.8 6.9-5.1 5.6-19.4 19-19.4 46.3 0 27.3 19.9 53.7 22.6 57.4 2.8 3.7 39.1 59.7 94.8 83.8 35.2 15.2 49 16.5 66.6 13.9 10.7-1.6 32.8-13.4 37.4-26.4 4.6-13 4.6-24.1 3.2-26.4-1.3-2.5-5-3.9-10.5-6.6z\"><\/path><\/svg>\t\t\t<\/span>\n\t\t\t\t\t\t\t\t\t<span class=\"elementor-button-text\">Revisi\u00f3n de foto gratuita<\/span>\n\t\t\t\t\t<\/span>\n\t\t\t\t\t<\/a>\n\t\t\t\t\t\t\t\t<\/div>\n\t\t\t\t<\/div>\n\t\t\t\t\t<\/div>\n\t\t\t\t<\/div>\n\t\t\t\t<\/div>\n\t\t","protected":false},"excerpt":{"rendered":"<p>Donde los recuerdoscobran forma Clovira existe porque algunos momentos merecen algo m\u00e1s que un lugar en su tel\u00e9fono. Los recuerdos merecen ser tangibles In un mundo donde todo es digital y ef\u00edmero, creamos algo que perdura. Una obra de arte personal que puede sostener, sentir y seguir admirando. Cada creaci\u00f3n comienza con una foto, su recuerdo. Desde nuestro taller en Valencia, Espa\u00f1a, damos vida a este momento cuidadosamente en resina de alta calidad, rellenada y acabada para que adquiera peso, car\u00e1cter y presencia. Lo que antes estaba reservado a estatuas de personas influyentes, ahora lo hacemos accesible en una forma \u00edntima y personal. Para bodas, nuevas vidas y momentos que nunca querr\u00e1 olvidar. Clovira. Su historia, nuestra creaci\u00f3n. Nuestra motivaci\u00f3n Cada historia es \u00fanica Detr\u00e1s de cada foto se esconde una historia. Escuchamos, comprendemos y traducimos esa historia en algo que puede sostener. Artesan\u00eda por encima de la rapidez Nos tomamos el tiempo necesario. Sin prisas, sin producci\u00f3n en masa. Cada escultura recibe la atenci\u00f3n que merece. Personalizado hasta el final Desde el primer contacto hasta la entrega, siempre tendr\u00e1 un punto de contacto fijo que le asesorar\u00e1. Hagamos juntos algoespecial Cu\u00e9ntenos su momento. Escuchamos, aportamos ideas y creamos algo que perdura. Inicie su dise\u00f1o Revisi\u00f3n de foto gratuita<\/p>\n","protected":false},"author":2,"featured_media":4371,"parent":0,"menu_order":0,"comment_status":"closed","ping_status":"closed","template":"","meta":{"footnotes":""},"class_list":["post-4397","page","type-page","status-publish","has-post-thumbnail","hentry"],"blocksy_meta":[],"yoast_head":"<!-- This site is optimized with the Yoast SEO plugin v27.5 - https:\/\/yoast.com\/product\/yoast-seo-wordpress\/ -->\n<title>Sobre Clovira \u2013 Recuerdos tangibles<\/title>\n<meta name=\"description\" content=\"Descubra la historia detr\u00e1s de Clovira. Creamos obras de arte tangibles basadas en su fotograf\u00eda.\" \/>\n<meta name=\"robots\" content=\"index, follow, max-snippet:-1, max-image-preview:large, max-video-preview:-1\" \/>\n<link rel=\"canonical\" href=\"https:\/\/clovira.com\/es\/sobre-nosotros\/\" \/>\n<meta property=\"og:locale\" content=\"es_ES\" \/>\n<meta property=\"og:type\" content=\"article\" \/>\n<meta property=\"og:title\" content=\"Sobre Clovira \u2013 Recuerdos tangibles\" \/>\n<meta property=\"og:description\" content=\"Descubra la historia detr\u00e1s de Clovira. Creamos obras de arte tangibles basadas en su fotograf\u00eda.\" \/>\n<meta property=\"og:url\" content=\"https:\/\/clovira.com\/es\/sobre-nosotros\/\" \/>\n<meta property=\"og:site_name\" content=\"Clovira\" \/>\n<meta property=\"article:modified_time\" content=\"2026-03-16T09:53:33+00:00\" \/>\n<meta property=\"og:image\" content=\"https:\/\/clovira.com\/wp-content\/uploads\/2025\/11\/IMG_5392-scaled-e1764173434422.jpg\" \/>\n\t<meta property=\"og:image:width\" content=\"2048\" \/>\n\t<meta property=\"og:image:height\" content=\"1390\" \/>\n\t<meta property=\"og:image:type\" content=\"image\/jpeg\" \/>\n<meta name=\"twitter:card\" content=\"summary_large_image\" \/>\n<meta name=\"twitter:label1\" content=\"Tiempo de lectura\" \/>\n\t<meta name=\"twitter:data1\" content=\"1 minuto\" \/>\n<script type=\"application\/ld+json\" class=\"yoast-schema-graph\">{\"@context\":\"https:\\\/\\\/schema.org\",\"@graph\":[{\"@type\":\"WebPage\",\"@id\":\"https:\\\/\\\/clovira.com\\\/es\\\/sobre-nosotros\\\/\",\"url\":\"https:\\\/\\\/clovira.com\\\/es\\\/sobre-nosotros\\\/\",\"name\":\"Sobre Clovira \u2013 Recuerdos tangibles\",\"isPartOf\":{\"@id\":\"https:\\\/\\\/clovira.com\\\/es\\\/#website\"},\"primaryImageOfPage\":{\"@id\":\"https:\\\/\\\/clovira.com\\\/es\\\/sobre-nosotros\\\/#primaryimage\"},\"image\":{\"@id\":\"https:\\\/\\\/clovira.com\\\/es\\\/sobre-nosotros\\\/#primaryimage\"},\"thumbnailUrl\":\"https:\\\/\\\/clovira.com\\\/wp-content\\\/uploads\\\/2025\\\/11\\\/IMG_5392-scaled-e1764173434422.jpg\",\"datePublished\":\"2026-03-08T12:25:16+00:00\",\"dateModified\":\"2026-03-16T09:53:33+00:00\",\"description\":\"Descubra la historia detr\u00e1s de Clovira. Creamos obras de arte tangibles basadas en su fotograf\u00eda.\",\"breadcrumb\":{\"@id\":\"https:\\\/\\\/clovira.com\\\/es\\\/sobre-nosotros\\\/#breadcrumb\"},\"inLanguage\":\"es\",\"potentialAction\":[{\"@type\":\"ReadAction\",\"target\":[\"https:\\\/\\\/clovira.com\\\/es\\\/sobre-nosotros\\\/\"]}]},{\"@type\":\"ImageObject\",\"inLanguage\":\"es\",\"@id\":\"https:\\\/\\\/clovira.com\\\/es\\\/sobre-nosotros\\\/#primaryimage\",\"url\":\"https:\\\/\\\/clovira.com\\\/wp-content\\\/uploads\\\/2025\\\/11\\\/IMG_5392-scaled-e1764173434422.jpg\",\"contentUrl\":\"https:\\\/\\\/clovira.com\\\/wp-content\\\/uploads\\\/2025\\\/11\\\/IMG_5392-scaled-e1764173434422.jpg\",\"width\":2048,\"height\":1390,\"caption\":\"Clovira - Sobre nosotros\"},{\"@type\":\"BreadcrumbList\",\"@id\":\"https:\\\/\\\/clovira.com\\\/es\\\/sobre-nosotros\\\/#breadcrumb\",\"itemListElement\":[{\"@type\":\"ListItem\",\"position\":1,\"name\":\"Home\",\"item\":\"https:\\\/\\\/clovira.com\\\/es\\\/\"},{\"@type\":\"ListItem\",\"position\":2,\"name\":\"Sobre nosotros\"}]},{\"@type\":\"WebSite\",\"@id\":\"https:\\\/\\\/clovira.com\\\/es\\\/#website\",\"url\":\"https:\\\/\\\/clovira.com\\\/es\\\/\",\"name\":\"Clovira\",\"description\":\"Your story. Our creation.\",\"publisher\":{\"@id\":\"https:\\\/\\\/clovira.com\\\/es\\\/#organization\"},\"potentialAction\":[{\"@type\":\"SearchAction\",\"target\":{\"@type\":\"EntryPoint\",\"urlTemplate\":\"https:\\\/\\\/clovira.com\\\/es\\\/?s={search_term_string}\"},\"query-input\":{\"@type\":\"PropertyValueSpecification\",\"valueRequired\":true,\"valueName\":\"search_term_string\"}}],\"inLanguage\":\"es\"},{\"@type\":\"Organization\",\"@id\":\"https:\\\/\\\/clovira.com\\\/es\\\/#organization\",\"name\":\"Clovira\",\"url\":\"https:\\\/\\\/clovira.com\\\/es\\\/\",\"logo\":{\"@type\":\"ImageObject\",\"inLanguage\":\"es\",\"@id\":\"https:\\\/\\\/clovira.com\\\/es\\\/#\\\/schema\\\/logo\\\/image\\\/\",\"url\":\"https:\\\/\\\/clovira.com\\\/wp-content\\\/uploads\\\/2025\\\/09\\\/CLOVIRA.jpg\",\"contentUrl\":\"https:\\\/\\\/clovira.com\\\/wp-content\\\/uploads\\\/2025\\\/09\\\/CLOVIRA.jpg\",\"width\":1024,\"height\":1024,\"caption\":\"Clovira\"},\"image\":{\"@id\":\"https:\\\/\\\/clovira.com\\\/es\\\/#\\\/schema\\\/logo\\\/image\\\/\"}}]}<\/script>\n<!-- \/ Yoast SEO plugin. -->","yoast_head_json":{"title":"Sobre Clovira \u2013 Recuerdos tangibles","description":"Descubra la historia detr\u00e1s de Clovira. Creamos obras de arte tangibles basadas en su fotograf\u00eda.","robots":{"index":"index","follow":"follow","max-snippet":"max-snippet:-1","max-image-preview":"max-image-preview:large","max-video-preview":"max-video-preview:-1"},"canonical":"https:\/\/clovira.com\/es\/sobre-nosotros\/","og_locale":"es_ES","og_type":"article","og_title":"Sobre Clovira \u2013 Recuerdos tangibles","og_description":"Descubra la historia detr\u00e1s de Clovira. Creamos obras de arte tangibles basadas en su fotograf\u00eda.","og_url":"https:\/\/clovira.com\/es\/sobre-nosotros\/","og_site_name":"Clovira","article_modified_time":"2026-03-16T09:53:33+00:00","og_image":[{"width":2048,"height":1390,"url":"https:\/\/clovira.com\/wp-content\/uploads\/2025\/11\/IMG_5392-scaled-e1764173434422.jpg","type":"image\/jpeg"}],"twitter_card":"summary_large_image","twitter_misc":{"Tiempo de lectura":"1 minuto"},"schema":{"@context":"https:\/\/schema.org","@graph":[{"@type":"WebPage","@id":"https:\/\/clovira.com\/es\/sobre-nosotros\/","url":"https:\/\/clovira.com\/es\/sobre-nosotros\/","name":"Sobre Clovira \u2013 Recuerdos tangibles","isPartOf":{"@id":"https:\/\/clovira.com\/es\/#website"},"primaryImageOfPage":{"@id":"https:\/\/clovira.com\/es\/sobre-nosotros\/#primaryimage"},"image":{"@id":"https:\/\/clovira.com\/es\/sobre-nosotros\/#primaryimage"},"thumbnailUrl":"https:\/\/clovira.com\/wp-content\/uploads\/2025\/11\/IMG_5392-scaled-e1764173434422.jpg","datePublished":"2026-03-08T12:25:16+00:00","dateModified":"2026-03-16T09:53:33+00:00","description":"Descubra la historia detr\u00e1s de Clovira. Creamos obras de arte tangibles basadas en su fotograf\u00eda.","breadcrumb":{"@id":"https:\/\/clovira.com\/es\/sobre-nosotros\/#breadcrumb"},"inLanguage":"es","potentialAction":[{"@type":"ReadAction","target":["https:\/\/clovira.com\/es\/sobre-nosotros\/"]}]},{"@type":"ImageObject","inLanguage":"es","@id":"https:\/\/clovira.com\/es\/sobre-nosotros\/#primaryimage","url":"https:\/\/clovira.com\/wp-content\/uploads\/2025\/11\/IMG_5392-scaled-e1764173434422.jpg","contentUrl":"https:\/\/clovira.com\/wp-content\/uploads\/2025\/11\/IMG_5392-scaled-e1764173434422.jpg","width":2048,"height":1390,"caption":"Clovira - Sobre nosotros"},{"@type":"BreadcrumbList","@id":"https:\/\/clovira.com\/es\/sobre-nosotros\/#breadcrumb","itemListElement":[{"@type":"ListItem","position":1,"name":"Home","item":"https:\/\/clovira.com\/es\/"},{"@type":"ListItem","position":2,"name":"Sobre nosotros"}]},{"@type":"WebSite","@id":"https:\/\/clovira.com\/es\/#website","url":"https:\/\/clovira.com\/es\/","name":"Clovira","description":"Your story. Our creation.","publisher":{"@id":"https:\/\/clovira.com\/es\/#organization"},"potentialAction":[{"@type":"SearchAction","target":{"@type":"EntryPoint","urlTemplate":"https:\/\/clovira.com\/es\/?s={search_term_string}"},"query-input":{"@type":"PropertyValueSpecification","valueRequired":true,"valueName":"search_term_string"}}],"inLanguage":"es"},{"@type":"Organization","@id":"https:\/\/clovira.com\/es\/#organization","name":"Clovira","url":"https:\/\/clovira.com\/es\/","logo":{"@type":"ImageObject","inLanguage":"es","@id":"https:\/\/clovira.com\/es\/#\/schema\/logo\/image\/","url":"https:\/\/clovira.com\/wp-content\/uploads\/2025\/09\/CLOVIRA.jpg","contentUrl":"https:\/\/clovira.com\/wp-content\/uploads\/2025\/09\/CLOVIRA.jpg","width":1024,"height":1024,"caption":"Clovira"},"image":{"@id":"https:\/\/clovira.com\/es\/#\/schema\/logo\/image\/"}}]}},"_links":{"self":[{"href":"https:\/\/clovira.com\/es\/wp-json\/wp\/v2\/pages\/4397","targetHints":{"allow":["GET"]}}],"collection":[{"href":"https:\/\/clovira.com\/es\/wp-json\/wp\/v2\/pages"}],"about":[{"href":"https:\/\/clovira.com\/es\/wp-json\/wp\/v2\/types\/page"}],"author":[{"embeddable":true,"href":"https:\/\/clovira.com\/es\/wp-json\/wp\/v2\/users\/2"}],"replies":[{"embeddable":true,"href":"https:\/\/clovira.com\/es\/wp-json\/wp\/v2\/comments?post=4397"}],"version-history":[{"count":4,"href":"https:\/\/clovira.com\/es\/wp-json\/wp\/v2\/pages\/4397\/revisions"}],"predecessor-version":[{"id":5084,"href":"https:\/\/clovira.com\/es\/wp-json\/wp\/v2\/pages\/4397\/revisions\/5084"}],"wp:featuredmedia":[{"embeddable":true,"href":"https:\/\/clovira.com\/es\/wp-json\/wp\/v2\/media\/4371"}],"wp:attachment":[{"href":"https:\/\/clovira.com\/es\/wp-json\/wp\/v2\/media?parent=4397"}],"curies":[{"name":"wp","href":"https:\/\/api.w.org\/{rel}","templated":true}]}}