{"id":4592,"date":"2025-12-23T10:00:36","date_gmt":"2025-12-23T09:00:36","guid":{"rendered":"https:\/\/clovira.com\/winkel\/sin%20categor\u00eda\/escultura-conmemorativa\/"},"modified":"2026-03-15T17:25:08","modified_gmt":"2026-03-15T16:25:08","slug":"escultura-conmemorativa","status":"publish","type":"product","link":"https:\/\/clovira.com\/es\/winkel\/esculturas\/escultura-conmemorativa\/","title":{"rendered":"Escultura conmemorativa"},"content":{"rendered":"<p data-start=\"655\" data-end=\"800\">Inmortalice su recuerdo m\u00e1s preciado para siempre.<br data-start=\"702\" data-end=\"705\" \/>Una escultura \u00fanica, hecha a mano a partir de una foto o un momento significativo para usted.<\/p>\n<p data-start=\"802\" data-end=\"1010\">Cada pieza de Clovira se fabrica con la m\u00e1xima precisi\u00f3n para hacer tangible un recuerdo duradero. Con un acabado refinado, se crea una obra de arte sobria que aporta paz, consuelo y conexi\u00f3n al hogar.<\/p>\n<p data-start=\"1012\" data-end=\"1187\">Esta escultura conmemorativa se crea en funci\u00f3n del <strong data-start=\"1069\" data-end=\"1102\">n\u00famero de personas seleccionado<\/strong>.<br data-start=\"1103\" data-end=\"1106\" \/><em data-start=\"1106\" data-end=\"1187\">\u00bfDesea inmortalizar una composici\u00f3n diferente? No dude en ponerse en contacto con nosotros.<\/em><\/p>\n<p data-start=\"1189\" data-end=\"1316\">Cada vida cuenta una historia \u00fanica. Honre esos recuerdos especiales con una obra de arte creada con atenci\u00f3n y respeto.<\/p>\n<p data-start=\"1318\" data-end=\"1365\">Hecho a mano \u00b7 Personalizado \u00b7 Acabado de lujo<\/p>\n<p data-start=\"1367\" data-end=\"1538\">Nuestras obras de arte conmemorativas se fabrican con el mayor cuidado y respeto. Cada pieza es un emotivo homenaje a quien extra\u00f1a. Atesore su recuerdo con Clovira.<\/p>\n","protected":false},"excerpt":{"rendered":"<p>Inmortalice su recuerdo m\u00e1s preciado para siempre.Una escultura \u00fanica, hecha a mano a partir de una foto o un momento significativo para usted. Cada pieza de Clovira se fabrica con la m\u00e1xima precisi\u00f3n para hacer tangible un recuerdo duradero. Con un acabado refinado, se crea una obra de arte sobria que aporta paz, consuelo y conexi\u00f3n al hogar. Esta escultura conmemorativa se crea en funci\u00f3n del n\u00famero de personas seleccionado.\u00bfDesea inmortalizar una composici\u00f3n diferente? No dude en ponerse en contacto con nosotros. Cada vida cuenta una historia \u00fanica. Honre esos recuerdos especiales con una obra de arte creada con atenci\u00f3n y respeto. Hecho a mano \u00b7 Personalizado \u00b7 Acabado de lujo Nuestras obras de arte conmemorativas se fabrican con el mayor cuidado y respeto. Cada pieza es un emotivo homenaje a quien extra\u00f1a. Atesore su recuerdo con Clovira.<\/p>\n","protected":false},"featured_media":4419,"comment_status":"closed","ping_status":"closed","template":"","meta":[],"product_brand":[],"product_cat":[97],"product_tag":[],"class_list":{"0":"post-4592","1":"product","2":"type-product","3":"status-publish","4":"has-post-thumbnail","6":"product_cat-esculturas","8":"first","9":"instock","10":"sold-individually","11":"taxable","12":"shipping-taxable","13":"purchasable","14":"product-type-variable","15":"has-default-attributes"},"yoast_head":"<!-- This site is optimized with the Yoast SEO plugin v27.5 - https:\/\/yoast.com\/product\/yoast-seo-wordpress\/ -->\n<title>Escultura conmemorativa a partir de foto \u2013 Hecha a mano y personalizada<\/title>\n<meta name=\"description\" content=\"Inmortalice a un ser querido en una escultura conmemorativa tangible. Hecha a mano a partir de una foto, dise\u00f1ada con esmero y atenci\u00f3n. Un recuerdo duradero.\" \/>\n<meta name=\"robots\" content=\"index, follow, max-snippet:-1, max-image-preview:large, max-video-preview:-1\" \/>\n<link rel=\"canonical\" href=\"https:\/\/clovira.com\/es\/winkel\/esculturas\/escultura-conmemorativa\/\" \/>\n<meta property=\"og:locale\" content=\"es_ES\" \/>\n<meta property=\"og:type\" content=\"article\" \/>\n<meta property=\"og:title\" content=\"Escultura conmemorativa a partir de foto \u2013 Hecha a mano y personalizada\" \/>\n<meta property=\"og:description\" content=\"Inmortalice a un ser querido en una escultura conmemorativa tangible. Hecha a mano a partir de una foto, dise\u00f1ada con esmero y atenci\u00f3n. Un recuerdo duradero.\" \/>\n<meta property=\"og:url\" content=\"https:\/\/clovira.com\/es\/winkel\/esculturas\/escultura-conmemorativa\/\" \/>\n<meta property=\"og:site_name\" content=\"Clovira\" \/>\n<meta property=\"article:modified_time\" content=\"2026-03-15T16:25:08+00:00\" \/>\n<meta property=\"og:image\" content=\"https:\/\/clovira.com\/wp-content\/uploads\/2025\/12\/Family-Parelwit.png\" \/>\n\t<meta property=\"og:image:width\" content=\"909\" \/>\n\t<meta property=\"og:image:height\" content=\"909\" \/>\n\t<meta property=\"og:image:type\" content=\"image\/png\" \/>\n<meta name=\"twitter:card\" content=\"summary_large_image\" \/>\n<meta name=\"twitter:label1\" content=\"Tiempo de lectura\" \/>\n\t<meta name=\"twitter:data1\" content=\"1 minuto\" \/>\n<script type=\"application\/ld+json\" class=\"yoast-schema-graph\">{\"@context\":\"https:\\\/\\\/schema.org\",\"@graph\":[{\"@type\":\"WebPage\",\"@id\":\"https:\\\/\\\/clovira.com\\\/es\\\/winkel\\\/esculturas\\\/escultura-conmemorativa\\\/\",\"url\":\"https:\\\/\\\/clovira.com\\\/es\\\/winkel\\\/esculturas\\\/escultura-conmemorativa\\\/\",\"name\":\"Escultura conmemorativa a partir de foto \u2013 Hecha a mano y personalizada\",\"isPartOf\":{\"@id\":\"https:\\\/\\\/clovira.com\\\/es\\\/#website\"},\"primaryImageOfPage\":{\"@id\":\"https:\\\/\\\/clovira.com\\\/es\\\/winkel\\\/esculturas\\\/escultura-conmemorativa\\\/#primaryimage\"},\"image\":{\"@id\":\"https:\\\/\\\/clovira.com\\\/es\\\/winkel\\\/esculturas\\\/escultura-conmemorativa\\\/#primaryimage\"},\"thumbnailUrl\":\"https:\\\/\\\/clovira.com\\\/wp-content\\\/uploads\\\/2025\\\/12\\\/Family-Parelwit.png\",\"datePublished\":\"2025-12-23T09:00:36+00:00\",\"dateModified\":\"2026-03-15T16:25:08+00:00\",\"description\":\"Inmortalice a un ser querido en una escultura conmemorativa tangible. Hecha a mano a partir de una foto, dise\u00f1ada con esmero y atenci\u00f3n. Un recuerdo duradero.\",\"breadcrumb\":{\"@id\":\"https:\\\/\\\/clovira.com\\\/es\\\/winkel\\\/esculturas\\\/escultura-conmemorativa\\\/#breadcrumb\"},\"inLanguage\":\"es\",\"potentialAction\":[{\"@type\":\"ReadAction\",\"target\":[\"https:\\\/\\\/clovira.com\\\/es\\\/winkel\\\/esculturas\\\/escultura-conmemorativa\\\/\"]}]},{\"@type\":\"ImageObject\",\"inLanguage\":\"es\",\"@id\":\"https:\\\/\\\/clovira.com\\\/es\\\/winkel\\\/esculturas\\\/escultura-conmemorativa\\\/#primaryimage\",\"url\":\"https:\\\/\\\/clovira.com\\\/wp-content\\\/uploads\\\/2025\\\/12\\\/Family-Parelwit.png\",\"contentUrl\":\"https:\\\/\\\/clovira.com\\\/wp-content\\\/uploads\\\/2025\\\/12\\\/Family-Parelwit.png\",\"width\":909,\"height\":909,\"caption\":\"Familia - Blanco perla\"},{\"@type\":\"BreadcrumbList\",\"@id\":\"https:\\\/\\\/clovira.com\\\/es\\\/winkel\\\/esculturas\\\/escultura-conmemorativa\\\/#breadcrumb\",\"itemListElement\":[{\"@type\":\"ListItem\",\"position\":1,\"name\":\"Home\",\"item\":\"https:\\\/\\\/clovira.com\\\/es\\\/\"},{\"@type\":\"ListItem\",\"position\":2,\"name\":\"Productos\",\"item\":\"https:\\\/\\\/clovira.com\\\/es\\\/shop\\\/\"},{\"@type\":\"ListItem\",\"position\":3,\"name\":\"Escultura conmemorativa\"}]},{\"@type\":\"WebSite\",\"@id\":\"https:\\\/\\\/clovira.com\\\/es\\\/#website\",\"url\":\"https:\\\/\\\/clovira.com\\\/es\\\/\",\"name\":\"Clovira\",\"description\":\"Your story. Our creation.\",\"publisher\":{\"@id\":\"https:\\\/\\\/clovira.com\\\/es\\\/#organization\"},\"potentialAction\":[{\"@type\":\"SearchAction\",\"target\":{\"@type\":\"EntryPoint\",\"urlTemplate\":\"https:\\\/\\\/clovira.com\\\/es\\\/?s={search_term_string}\"},\"query-input\":{\"@type\":\"PropertyValueSpecification\",\"valueRequired\":true,\"valueName\":\"search_term_string\"}}],\"inLanguage\":\"es\"},{\"@type\":\"Organization\",\"@id\":\"https:\\\/\\\/clovira.com\\\/es\\\/#organization\",\"name\":\"Clovira\",\"url\":\"https:\\\/\\\/clovira.com\\\/es\\\/\",\"logo\":{\"@type\":\"ImageObject\",\"inLanguage\":\"es\",\"@id\":\"https:\\\/\\\/clovira.com\\\/es\\\/#\\\/schema\\\/logo\\\/image\\\/\",\"url\":\"https:\\\/\\\/clovira.com\\\/wp-content\\\/uploads\\\/2025\\\/09\\\/CLOVIRA.jpg\",\"contentUrl\":\"https:\\\/\\\/clovira.com\\\/wp-content\\\/uploads\\\/2025\\\/09\\\/CLOVIRA.jpg\",\"width\":1024,\"height\":1024,\"caption\":\"Clovira\"},\"image\":{\"@id\":\"https:\\\/\\\/clovira.com\\\/es\\\/#\\\/schema\\\/logo\\\/image\\\/\"}}]}<\/script>\n<!-- \/ Yoast SEO plugin. -->","yoast_head_json":{"title":"Escultura conmemorativa a partir de foto \u2013 Hecha a mano y personalizada","description":"Inmortalice a un ser querido en una escultura conmemorativa tangible. Hecha a mano a partir de una foto, dise\u00f1ada con esmero y atenci\u00f3n. Un recuerdo duradero.","robots":{"index":"index","follow":"follow","max-snippet":"max-snippet:-1","max-image-preview":"max-image-preview:large","max-video-preview":"max-video-preview:-1"},"canonical":"https:\/\/clovira.com\/es\/winkel\/esculturas\/escultura-conmemorativa\/","og_locale":"es_ES","og_type":"article","og_title":"Escultura conmemorativa a partir de foto \u2013 Hecha a mano y personalizada","og_description":"Inmortalice a un ser querido en una escultura conmemorativa tangible. Hecha a mano a partir de una foto, dise\u00f1ada con esmero y atenci\u00f3n. Un recuerdo duradero.","og_url":"https:\/\/clovira.com\/es\/winkel\/esculturas\/escultura-conmemorativa\/","og_site_name":"Clovira","article_modified_time":"2026-03-15T16:25:08+00:00","og_image":[{"width":909,"height":909,"url":"https:\/\/clovira.com\/wp-content\/uploads\/2025\/12\/Family-Parelwit.png","type":"image\/png"}],"twitter_card":"summary_large_image","twitter_misc":{"Tiempo de lectura":"1 minuto"},"schema":{"@context":"https:\/\/schema.org","@graph":[{"@type":"WebPage","@id":"https:\/\/clovira.com\/es\/winkel\/esculturas\/escultura-conmemorativa\/","url":"https:\/\/clovira.com\/es\/winkel\/esculturas\/escultura-conmemorativa\/","name":"Escultura conmemorativa a partir de foto \u2013 Hecha a mano y personalizada","isPartOf":{"@id":"https:\/\/clovira.com\/es\/#website"},"primaryImageOfPage":{"@id":"https:\/\/clovira.com\/es\/winkel\/esculturas\/escultura-conmemorativa\/#primaryimage"},"image":{"@id":"https:\/\/clovira.com\/es\/winkel\/esculturas\/escultura-conmemorativa\/#primaryimage"},"thumbnailUrl":"https:\/\/clovira.com\/wp-content\/uploads\/2025\/12\/Family-Parelwit.png","datePublished":"2025-12-23T09:00:36+00:00","dateModified":"2026-03-15T16:25:08+00:00","description":"Inmortalice a un ser querido en una escultura conmemorativa tangible. Hecha a mano a partir de una foto, dise\u00f1ada con esmero y atenci\u00f3n. Un recuerdo duradero.","breadcrumb":{"@id":"https:\/\/clovira.com\/es\/winkel\/esculturas\/escultura-conmemorativa\/#breadcrumb"},"inLanguage":"es","potentialAction":[{"@type":"ReadAction","target":["https:\/\/clovira.com\/es\/winkel\/esculturas\/escultura-conmemorativa\/"]}]},{"@type":"ImageObject","inLanguage":"es","@id":"https:\/\/clovira.com\/es\/winkel\/esculturas\/escultura-conmemorativa\/#primaryimage","url":"https:\/\/clovira.com\/wp-content\/uploads\/2025\/12\/Family-Parelwit.png","contentUrl":"https:\/\/clovira.com\/wp-content\/uploads\/2025\/12\/Family-Parelwit.png","width":909,"height":909,"caption":"Familia - Blanco perla"},{"@type":"BreadcrumbList","@id":"https:\/\/clovira.com\/es\/winkel\/esculturas\/escultura-conmemorativa\/#breadcrumb","itemListElement":[{"@type":"ListItem","position":1,"name":"Home","item":"https:\/\/clovira.com\/es\/"},{"@type":"ListItem","position":2,"name":"Productos","item":"https:\/\/clovira.com\/es\/shop\/"},{"@type":"ListItem","position":3,"name":"Escultura conmemorativa"}]},{"@type":"WebSite","@id":"https:\/\/clovira.com\/es\/#website","url":"https:\/\/clovira.com\/es\/","name":"Clovira","description":"Your story. Our creation.","publisher":{"@id":"https:\/\/clovira.com\/es\/#organization"},"potentialAction":[{"@type":"SearchAction","target":{"@type":"EntryPoint","urlTemplate":"https:\/\/clovira.com\/es\/?s={search_term_string}"},"query-input":{"@type":"PropertyValueSpecification","valueRequired":true,"valueName":"search_term_string"}}],"inLanguage":"es"},{"@type":"Organization","@id":"https:\/\/clovira.com\/es\/#organization","name":"Clovira","url":"https:\/\/clovira.com\/es\/","logo":{"@type":"ImageObject","inLanguage":"es","@id":"https:\/\/clovira.com\/es\/#\/schema\/logo\/image\/","url":"https:\/\/clovira.com\/wp-content\/uploads\/2025\/09\/CLOVIRA.jpg","contentUrl":"https:\/\/clovira.com\/wp-content\/uploads\/2025\/09\/CLOVIRA.jpg","width":1024,"height":1024,"caption":"Clovira"},"image":{"@id":"https:\/\/clovira.com\/es\/#\/schema\/logo\/image\/"}}]}},"_links":{"self":[{"href":"https:\/\/clovira.com\/es\/wp-json\/wp\/v2\/product\/4592","targetHints":{"allow":["GET"]}}],"collection":[{"href":"https:\/\/clovira.com\/es\/wp-json\/wp\/v2\/product"}],"about":[{"href":"https:\/\/clovira.com\/es\/wp-json\/wp\/v2\/types\/product"}],"replies":[{"embeddable":true,"href":"https:\/\/clovira.com\/es\/wp-json\/wp\/v2\/comments?post=4592"}],"wp:featuredmedia":[{"embeddable":true,"href":"https:\/\/clovira.com\/es\/wp-json\/wp\/v2\/media\/4419"}],"wp:attachment":[{"href":"https:\/\/clovira.com\/es\/wp-json\/wp\/v2\/media?parent=4592"}],"wp:term":[{"taxonomy":"product_brand","embeddable":true,"href":"https:\/\/clovira.com\/es\/wp-json\/wp\/v2\/product_brand?post=4592"},{"taxonomy":"product_cat","embeddable":true,"href":"https:\/\/clovira.com\/es\/wp-json\/wp\/v2\/product_cat?post=4592"},{"taxonomy":"product_tag","embeddable":true,"href":"https:\/\/clovira.com\/es\/wp-json\/wp\/v2\/product_tag?post=4592"}],"curies":[{"name":"wp","href":"https:\/\/api.w.org\/{rel}","templated":true}]}}