{"id":4876,"date":"2025-11-29T10:59:11","date_gmt":"2025-11-29T09:59:11","guid":{"rendered":"https:\/\/clovira.com\/winkel\/sin%20categor\u00eda\/escultura-de-embarazo\/"},"modified":"2026-03-15T18:03:09","modified_gmt":"2026-03-15T17:03:09","slug":"escultura-de-embarazo","status":"publish","type":"product","link":"https:\/\/clovira.com\/es\/winkel\/esculturas\/escultura-de-embarazo\/","title":{"rendered":"Escultura de embarazo"},"content":{"rendered":"<p data-start=\"456\" data-end=\"581\">Inmortalice su embarazo para siempre.<br data-start=\"493\" data-end=\"496\">Una escultura \u00fanica, hecha a mano a partir de su propia foto de embarazo favorita.<\/p>\n<p data-start=\"583\" data-end=\"823\">Cada Clovira se fabrica con la m\u00e1xima precisi\u00f3n para hacer tangibles la emoci\u00f3n, el amor y la conexi\u00f3n de este momento especial. Gracias a su refinado acabado, su embarazo quedar\u00e1 inmortalizado como una elegante pieza decorativa en su hogar. <\/p>\n<p data-start=\"825\" data-end=\"971\">Esta escultura de embarazo se crea a partir de <strong data-start=\"879\" data-end=\"894\">una sola persona<\/strong>.<br data-start=\"895\" data-end=\"898\"><em data-start=\"898\" data-end=\"971\">\u00bfDesea inmortalizar una composici\u00f3n diferente? No dude en ponerse en contacto con nosotros.<\/em><\/p>\n<p data-start=\"973\" data-end=\"1021\">Perfecta como un valioso recuerdo para usted.<\/p>\n<p data-start=\"1023\" data-end=\"1070\">Hecho a mano \u00b7 Personalizado \u00b7 Acabado de lujo<\/p>\n<p data-start=\"1072\" data-end=\"1136\">Convierta su mejor foto en un recuerdo tangible con Clovira.<\/p>\n","protected":false},"excerpt":{"rendered":"<p>Inmortalice su embarazo para siempre.Una escultura \u00fanica, hecha a mano a partir de su propia foto de embarazo favorita. Cada Clovira se fabrica con la m\u00e1xima precisi\u00f3n para hacer tangibles la emoci\u00f3n, el amor y la conexi\u00f3n de este momento especial. Gracias a su refinado acabado, su embarazo quedar\u00e1 inmortalizado como una elegante pieza decorativa en su hogar. Esta escultura de embarazo se crea a partir de una sola persona.\u00bfDesea inmortalizar una composici\u00f3n diferente? No dude en ponerse en contacto con nosotros. Perfecta como un valioso recuerdo para usted. Hecho a mano \u00b7 Personalizado \u00b7 Acabado de lujo Convierta su mejor foto en un recuerdo tangible con Clovira.<\/p>\n","protected":false},"featured_media":2337,"comment_status":"closed","ping_status":"closed","template":"","meta":[],"product_brand":[],"product_cat":[97],"product_tag":[],"class_list":{"0":"post-4876","1":"product","2":"type-product","3":"status-publish","4":"has-post-thumbnail","6":"product_cat-esculturas","8":"first","9":"instock","10":"sold-individually","11":"taxable","12":"shipping-taxable","13":"purchasable","14":"product-type-variable","15":"has-default-attributes"},"yoast_head":"<!-- This site is optimized with the Yoast SEO plugin v27.5 - https:\/\/yoast.com\/product\/yoast-seo-wordpress\/ -->\n<title>Escultura de embarazo a partir de foto \u2013 Hecha a mano y personalizada<\/title>\n<meta name=\"description\" content=\"Encargue su escultura de embarazo a partir de una foto. Una pieza hecha a mano y personalizada de su embarazo, con un acabado de lujo y dise\u00f1ada con esmero por Clovira.\" \/>\n<meta name=\"robots\" content=\"index, follow, max-snippet:-1, max-image-preview:large, max-video-preview:-1\" \/>\n<link rel=\"canonical\" href=\"https:\/\/clovira.com\/es\/winkel\/esculturas\/escultura-de-embarazo\/\" \/>\n<meta property=\"og:locale\" content=\"es_ES\" \/>\n<meta property=\"og:type\" content=\"article\" \/>\n<meta property=\"og:title\" content=\"Escultura de embarazo a partir de foto \u2013 Hecha a mano y personalizada\" \/>\n<meta property=\"og:description\" content=\"Encargue su escultura de embarazo a partir de una foto. Una pieza hecha a mano y personalizada de su embarazo, con un acabado de lujo y dise\u00f1ada con esmero por Clovira.\" \/>\n<meta property=\"og:url\" content=\"https:\/\/clovira.com\/es\/winkel\/esculturas\/escultura-de-embarazo\/\" \/>\n<meta property=\"og:site_name\" content=\"Clovira\" \/>\n<meta property=\"article:modified_time\" content=\"2026-03-15T17:03:09+00:00\" \/>\n<meta property=\"og:image\" content=\"https:\/\/clovira.com\/wp-content\/uploads\/2025\/11\/Zwangerschaps-Parelwit.png\" \/>\n\t<meta property=\"og:image:width\" content=\"896\" \/>\n\t<meta property=\"og:image:height\" content=\"896\" \/>\n\t<meta property=\"og:image:type\" content=\"image\/png\" \/>\n<meta name=\"twitter:card\" content=\"summary_large_image\" \/>\n<meta name=\"twitter:label1\" content=\"Tiempo de lectura\" \/>\n\t<meta name=\"twitter:data1\" content=\"1 minuto\" \/>\n<script type=\"application\/ld+json\" class=\"yoast-schema-graph\">{\"@context\":\"https:\\\/\\\/schema.org\",\"@graph\":[{\"@type\":\"WebPage\",\"@id\":\"https:\\\/\\\/clovira.com\\\/es\\\/winkel\\\/esculturas\\\/escultura-de-embarazo\\\/\",\"url\":\"https:\\\/\\\/clovira.com\\\/es\\\/winkel\\\/esculturas\\\/escultura-de-embarazo\\\/\",\"name\":\"Escultura de embarazo a partir de foto \u2013 Hecha a mano y personalizada\",\"isPartOf\":{\"@id\":\"https:\\\/\\\/clovira.com\\\/es\\\/#website\"},\"primaryImageOfPage\":{\"@id\":\"https:\\\/\\\/clovira.com\\\/es\\\/winkel\\\/esculturas\\\/escultura-de-embarazo\\\/#primaryimage\"},\"image\":{\"@id\":\"https:\\\/\\\/clovira.com\\\/es\\\/winkel\\\/esculturas\\\/escultura-de-embarazo\\\/#primaryimage\"},\"thumbnailUrl\":\"https:\\\/\\\/clovira.com\\\/wp-content\\\/uploads\\\/2025\\\/11\\\/Zwangerschaps-Parelwit.png\",\"datePublished\":\"2025-11-29T09:59:11+00:00\",\"dateModified\":\"2026-03-15T17:03:09+00:00\",\"description\":\"Encargue su escultura de embarazo a partir de una foto. Una pieza hecha a mano y personalizada de su embarazo, con un acabado de lujo y dise\u00f1ada con esmero por Clovira.\",\"breadcrumb\":{\"@id\":\"https:\\\/\\\/clovira.com\\\/es\\\/winkel\\\/esculturas\\\/escultura-de-embarazo\\\/#breadcrumb\"},\"inLanguage\":\"es\",\"potentialAction\":[{\"@type\":\"ReadAction\",\"target\":[\"https:\\\/\\\/clovira.com\\\/es\\\/winkel\\\/esculturas\\\/escultura-de-embarazo\\\/\"]}]},{\"@type\":\"ImageObject\",\"inLanguage\":\"es\",\"@id\":\"https:\\\/\\\/clovira.com\\\/es\\\/winkel\\\/esculturas\\\/escultura-de-embarazo\\\/#primaryimage\",\"url\":\"https:\\\/\\\/clovira.com\\\/wp-content\\\/uploads\\\/2025\\\/11\\\/Zwangerschaps-Parelwit.png\",\"contentUrl\":\"https:\\\/\\\/clovira.com\\\/wp-content\\\/uploads\\\/2025\\\/11\\\/Zwangerschaps-Parelwit.png\",\"width\":896,\"height\":896,\"caption\":\"Embarazo - Blanco perla\"},{\"@type\":\"BreadcrumbList\",\"@id\":\"https:\\\/\\\/clovira.com\\\/es\\\/winkel\\\/esculturas\\\/escultura-de-embarazo\\\/#breadcrumb\",\"itemListElement\":[{\"@type\":\"ListItem\",\"position\":1,\"name\":\"Home\",\"item\":\"https:\\\/\\\/clovira.com\\\/es\\\/\"},{\"@type\":\"ListItem\",\"position\":2,\"name\":\"Productos\",\"item\":\"https:\\\/\\\/clovira.com\\\/es\\\/shop\\\/\"},{\"@type\":\"ListItem\",\"position\":3,\"name\":\"Escultura de embarazo\"}]},{\"@type\":\"WebSite\",\"@id\":\"https:\\\/\\\/clovira.com\\\/es\\\/#website\",\"url\":\"https:\\\/\\\/clovira.com\\\/es\\\/\",\"name\":\"Clovira\",\"description\":\"Your story. Our creation.\",\"publisher\":{\"@id\":\"https:\\\/\\\/clovira.com\\\/es\\\/#organization\"},\"potentialAction\":[{\"@type\":\"SearchAction\",\"target\":{\"@type\":\"EntryPoint\",\"urlTemplate\":\"https:\\\/\\\/clovira.com\\\/es\\\/?s={search_term_string}\"},\"query-input\":{\"@type\":\"PropertyValueSpecification\",\"valueRequired\":true,\"valueName\":\"search_term_string\"}}],\"inLanguage\":\"es\"},{\"@type\":\"Organization\",\"@id\":\"https:\\\/\\\/clovira.com\\\/es\\\/#organization\",\"name\":\"Clovira\",\"url\":\"https:\\\/\\\/clovira.com\\\/es\\\/\",\"logo\":{\"@type\":\"ImageObject\",\"inLanguage\":\"es\",\"@id\":\"https:\\\/\\\/clovira.com\\\/es\\\/#\\\/schema\\\/logo\\\/image\\\/\",\"url\":\"https:\\\/\\\/clovira.com\\\/wp-content\\\/uploads\\\/2025\\\/09\\\/CLOVIRA.jpg\",\"contentUrl\":\"https:\\\/\\\/clovira.com\\\/wp-content\\\/uploads\\\/2025\\\/09\\\/CLOVIRA.jpg\",\"width\":1024,\"height\":1024,\"caption\":\"Clovira\"},\"image\":{\"@id\":\"https:\\\/\\\/clovira.com\\\/es\\\/#\\\/schema\\\/logo\\\/image\\\/\"}}]}<\/script>\n<!-- \/ Yoast SEO plugin. -->","yoast_head_json":{"title":"Escultura de embarazo a partir de foto \u2013 Hecha a mano y personalizada","description":"Encargue su escultura de embarazo a partir de una foto. Una pieza hecha a mano y personalizada de su embarazo, con un acabado de lujo y dise\u00f1ada con esmero por Clovira.","robots":{"index":"index","follow":"follow","max-snippet":"max-snippet:-1","max-image-preview":"max-image-preview:large","max-video-preview":"max-video-preview:-1"},"canonical":"https:\/\/clovira.com\/es\/winkel\/esculturas\/escultura-de-embarazo\/","og_locale":"es_ES","og_type":"article","og_title":"Escultura de embarazo a partir de foto \u2013 Hecha a mano y personalizada","og_description":"Encargue su escultura de embarazo a partir de una foto. Una pieza hecha a mano y personalizada de su embarazo, con un acabado de lujo y dise\u00f1ada con esmero por Clovira.","og_url":"https:\/\/clovira.com\/es\/winkel\/esculturas\/escultura-de-embarazo\/","og_site_name":"Clovira","article_modified_time":"2026-03-15T17:03:09+00:00","og_image":[{"width":896,"height":896,"url":"https:\/\/clovira.com\/wp-content\/uploads\/2025\/11\/Zwangerschaps-Parelwit.png","type":"image\/png"}],"twitter_card":"summary_large_image","twitter_misc":{"Tiempo de lectura":"1 minuto"},"schema":{"@context":"https:\/\/schema.org","@graph":[{"@type":"WebPage","@id":"https:\/\/clovira.com\/es\/winkel\/esculturas\/escultura-de-embarazo\/","url":"https:\/\/clovira.com\/es\/winkel\/esculturas\/escultura-de-embarazo\/","name":"Escultura de embarazo a partir de foto \u2013 Hecha a mano y personalizada","isPartOf":{"@id":"https:\/\/clovira.com\/es\/#website"},"primaryImageOfPage":{"@id":"https:\/\/clovira.com\/es\/winkel\/esculturas\/escultura-de-embarazo\/#primaryimage"},"image":{"@id":"https:\/\/clovira.com\/es\/winkel\/esculturas\/escultura-de-embarazo\/#primaryimage"},"thumbnailUrl":"https:\/\/clovira.com\/wp-content\/uploads\/2025\/11\/Zwangerschaps-Parelwit.png","datePublished":"2025-11-29T09:59:11+00:00","dateModified":"2026-03-15T17:03:09+00:00","description":"Encargue su escultura de embarazo a partir de una foto. Una pieza hecha a mano y personalizada de su embarazo, con un acabado de lujo y dise\u00f1ada con esmero por Clovira.","breadcrumb":{"@id":"https:\/\/clovira.com\/es\/winkel\/esculturas\/escultura-de-embarazo\/#breadcrumb"},"inLanguage":"es","potentialAction":[{"@type":"ReadAction","target":["https:\/\/clovira.com\/es\/winkel\/esculturas\/escultura-de-embarazo\/"]}]},{"@type":"ImageObject","inLanguage":"es","@id":"https:\/\/clovira.com\/es\/winkel\/esculturas\/escultura-de-embarazo\/#primaryimage","url":"https:\/\/clovira.com\/wp-content\/uploads\/2025\/11\/Zwangerschaps-Parelwit.png","contentUrl":"https:\/\/clovira.com\/wp-content\/uploads\/2025\/11\/Zwangerschaps-Parelwit.png","width":896,"height":896,"caption":"Embarazo - Blanco perla"},{"@type":"BreadcrumbList","@id":"https:\/\/clovira.com\/es\/winkel\/esculturas\/escultura-de-embarazo\/#breadcrumb","itemListElement":[{"@type":"ListItem","position":1,"name":"Home","item":"https:\/\/clovira.com\/es\/"},{"@type":"ListItem","position":2,"name":"Productos","item":"https:\/\/clovira.com\/es\/shop\/"},{"@type":"ListItem","position":3,"name":"Escultura de embarazo"}]},{"@type":"WebSite","@id":"https:\/\/clovira.com\/es\/#website","url":"https:\/\/clovira.com\/es\/","name":"Clovira","description":"Your story. Our creation.","publisher":{"@id":"https:\/\/clovira.com\/es\/#organization"},"potentialAction":[{"@type":"SearchAction","target":{"@type":"EntryPoint","urlTemplate":"https:\/\/clovira.com\/es\/?s={search_term_string}"},"query-input":{"@type":"PropertyValueSpecification","valueRequired":true,"valueName":"search_term_string"}}],"inLanguage":"es"},{"@type":"Organization","@id":"https:\/\/clovira.com\/es\/#organization","name":"Clovira","url":"https:\/\/clovira.com\/es\/","logo":{"@type":"ImageObject","inLanguage":"es","@id":"https:\/\/clovira.com\/es\/#\/schema\/logo\/image\/","url":"https:\/\/clovira.com\/wp-content\/uploads\/2025\/09\/CLOVIRA.jpg","contentUrl":"https:\/\/clovira.com\/wp-content\/uploads\/2025\/09\/CLOVIRA.jpg","width":1024,"height":1024,"caption":"Clovira"},"image":{"@id":"https:\/\/clovira.com\/es\/#\/schema\/logo\/image\/"}}]}},"_links":{"self":[{"href":"https:\/\/clovira.com\/es\/wp-json\/wp\/v2\/product\/4876","targetHints":{"allow":["GET"]}}],"collection":[{"href":"https:\/\/clovira.com\/es\/wp-json\/wp\/v2\/product"}],"about":[{"href":"https:\/\/clovira.com\/es\/wp-json\/wp\/v2\/types\/product"}],"replies":[{"embeddable":true,"href":"https:\/\/clovira.com\/es\/wp-json\/wp\/v2\/comments?post=4876"}],"wp:featuredmedia":[{"embeddable":true,"href":"https:\/\/clovira.com\/es\/wp-json\/wp\/v2\/media\/2337"}],"wp:attachment":[{"href":"https:\/\/clovira.com\/es\/wp-json\/wp\/v2\/media?parent=4876"}],"wp:term":[{"taxonomy":"product_brand","embeddable":true,"href":"https:\/\/clovira.com\/es\/wp-json\/wp\/v2\/product_brand?post=4876"},{"taxonomy":"product_cat","embeddable":true,"href":"https:\/\/clovira.com\/es\/wp-json\/wp\/v2\/product_cat?post=4876"},{"taxonomy":"product_tag","embeddable":true,"href":"https:\/\/clovira.com\/es\/wp-json\/wp\/v2\/product_tag?post=4876"}],"curies":[{"name":"wp","href":"https:\/\/api.w.org\/{rel}","templated":true}]}}